{"id":55,"date":"2025-09-08T13:51:33","date_gmt":"2025-09-08T13:51:33","guid":{"rendered":"https:\/\/scoalacajvana.ro\/?page_id=55"},"modified":"2025-09-09T15:43:58","modified_gmt":"2025-09-09T15:43:58","slug":"anunturi","status":"publish","type":"page","link":"https:\/\/scoalacajvana.ro\/?page_id=55","title":{"rendered":"Anunturi"},"content":{"rendered":"\n<p><br>&nbsp; &nbsp; &nbsp; &nbsp;&nbsp;<a href=\"https:\/\/scoalacajvana.ro\/wp-content\/uploads\/2025\/09\/Tabel-rezultate-Sesiunea-de-Referate-Istorie.pdf\" target=\"_blank\" rel=\"noreferrer noopener\">Rezultate Sesiunea de Referate Istorie 17.05.2025<\/a><\/p>\n\n\n\n<p>&nbsp;&nbsp;&nbsp;&nbsp;&nbsp;&nbsp;&nbsp;&nbsp;<a href=\"https:\/\/scoalacajvana.ro\/wp-content\/uploads\/2025\/09\/Anunt-concurs-laborant-debutant-S-si-sofer.pdf\" target=\"_blank\" rel=\"noreferrer noopener\">Anunt concurs pentru post contractual conform HG 1336\/2022<\/a><\/p>\n\n\n\n<p>&nbsp;&nbsp;&nbsp;&nbsp;&nbsp;&nbsp;&nbsp;&nbsp;<a href=\"https:\/\/scoalacajvana.ro\/wp-content\/uploads\/2025\/09\/Grafic-concurs-septembrie-2024.pdf\" target=\"_blank\" rel=\"noreferrer noopener\">GRAFIC DE DESF\u0102\u0218URARE AL CONCURSULUI PENTRU OCUPAREA POSTURILOR \/ CATEDRELOR VACANTE DE LA LICEUL TEHNOLOGIC \u201eSTEFAN CEL MARE\u201d CAJVANA<\/a><\/p>\n\n\n\n<p>&nbsp;&nbsp;&nbsp;&nbsp;&nbsp;&nbsp;&nbsp;&nbsp;<a href=\"https:\/\/scoalacajvana.ro\/wp-content\/uploads\/2025\/09\/Nota-examen-corigente-an-sc.2023-2024.pdf\" target=\"_blank\" rel=\"noreferrer noopener\">Nota examen corigen\u021be an \u0219colar 2023-2024<\/a><\/p>\n\n\n\n<p>&nbsp;&nbsp;&nbsp;&nbsp;&nbsp;&nbsp;&nbsp;<a href=\"https:\/\/scoalacajvana.ro\/wp-content\/uploads\/2025\/09\/Ordin-admitere-liceu-2024-plus-anexe.pdf\" target=\"_blank\" rel=\"noreferrer noopener\">&nbsp;Ordin-admitere-liceu-2024-plus-anexe<\/a><\/p>\n\n\n\n<p>&nbsp;&nbsp;&nbsp;&nbsp;&nbsp;&nbsp;&nbsp;<a href=\"https:\/\/scoalacajvana.ro\/wp-content\/uploads\/2025\/09\/Plan-scolarizare-2024-2025.pdf\" target=\"_blank\" rel=\"noreferrer noopener\">&nbsp;Plan de \u0219colarizare 2024-2025<\/a><\/p>\n\n\n\n<p>&nbsp;&nbsp;&nbsp;&nbsp;&nbsp;&nbsp;&nbsp;&nbsp;<a href=\"https:\/\/scoalacajvana.ro\/wp-content\/uploads\/2025\/09\/Anunt-programare-inspectii-la-clasa-iunie-2024_1.pdf\" target=\"_blank\" rel=\"noreferrer noopener\">Tabel nominal cuprinz\u00e2nd programarea candidatilor care sus\u021bin inspec\u021biile speciale la clas\u0103 \/prob\u00e4 practic\u00e4 din cadrul concursului na\u021bional pentru ocuparea posturilor didactice\/catedrelor declarate vacante\/rezervate in inv\u00e4\u021b\u00e4m\u00e2ntul preuniversitar, sesiunea 2024<\/a><\/p>\n\n\n\n<p>&nbsp;&nbsp;&nbsp;&nbsp;&nbsp; &nbsp;&nbsp;<a href=\"https:\/\/scoalacajvana.ro\/wp-content\/uploads\/2025\/09\/declaratie-de-interese-anexa-2.pdf\" target=\"_blank\" rel=\"noreferrer noopener\">Declara\u021bie de interes<\/a><\/p>\n\n\n\n<p>&nbsp; &nbsp; &nbsp; &nbsp;&nbsp;<a href=\"https:\/\/scoalacajvana.ro\/wp-content\/uploads\/2025\/09\/grafic-corigente.PDF\" target=\"_blank\" rel=\"noreferrer noopener\">ANUN\u021a: Grafic de desf\u0103\u0219urare a corigen\u021belor la Liceul Tehnologic &#8220;\u0218tefan cel Mare&#8221; Cajvana<\/a><\/p>\n\n\n\n<p><a href=\"http:\/\/web.securidata.ro\/scoala\/scoalacajvana.ro\/institutie\/anunturi\/#mctmp\">&nbsp;<\/a><\/p>\n\n\n\n<p><strong>&nbsp; &nbsp; &nbsp; &nbsp; &nbsp;<a href=\"https:\/\/scoalacajvana.ro\/wp-content\/uploads\/2025\/09\/lista-inspectii.PDF\" target=\"_blank\" rel=\"noreferrer noopener\">AN UN\u021a : \u00ce n vedere candida\u021bilor care sus\u021bin inspec\u021bii speciale la clas\u0103 din cadrul concursului na\u021bional pentru ocuparea posturilor didactice\/catedrelor declarate vacante\/rezervate \u00een \u00eenv\u0103\u021b\u0103m\u00e2ntul preuniversitar, sesiunea 2023<\/a><\/strong><\/p>\n\n\n\n<p><strong>&nbsp; &nbsp; &nbsp; &nbsp; &nbsp;<a href=\"https:\/\/scoalacajvana.ro\/wp-content\/uploads\/2025\/09\/lista-inspectii-2.PDF\" target=\"_blank\" rel=\"noreferrer noopener\">ANUN\u021a: Tabel nominal cuprinz\u00e2nd programarea candida\u021bilor care sus\u021bin inspec\u021biile speciale la clas\u0103\/prob\u0103 practic\u0103 din cadrul concursului na\u021bional pentru ocuparea posturilor didactice\/catedrelor declarate vacante\/rezervate \u00een \u00eenv\u0103\u021b\u0103m\u00e2ntul preuniversitar, sesiunea 2023.<\/a><\/strong><\/p>\n\n\n\n<p>&nbsp;Plan de \u0219colarizare 2023-2024:<\/p>\n\n\n\n<p>&nbsp;&nbsp;&nbsp;&nbsp;&nbsp;&nbsp;&nbsp;&nbsp;<a href=\"https:\/\/scoalacajvana.ro\/wp-content\/uploads\/2025\/09\/pl.sc.primargimn.2023-2024_1.pdf\" target=\"_blank\" rel=\"noreferrer noopener\">\u00cenv\u0103\u021b\u0103m\u00e2nt primar+gimnazial<\/a><\/p>\n\n\n\n<p>&nbsp;&nbsp;&nbsp;&nbsp;&nbsp;&nbsp;&nbsp;&nbsp;<a href=\"https:\/\/scoalacajvana.ro\/wp-content\/uploads\/2025\/09\/pl.sc.liceu-2023-2024.pdf\" target=\"_blank\" rel=\"noreferrer noopener\">\u00cenv\u0103\u021b\u0103m\u00e2nt liceal<\/a><\/p>\n\n\n\n<p>&nbsp;&nbsp;&nbsp;&nbsp;&nbsp; &nbsp;&nbsp;<a href=\"https:\/\/scoalacajvana.ro\/wp-content\/uploads\/2025\/09\/pl.sc.prof.2023-2024.pdf\" target=\"_blank\" rel=\"noreferrer noopener\">\u00cenv\u0103\u021b\u0103m\u00e2nt profesional<\/a><\/p>\n\n\n\n<p>&nbsp;&nbsp;&nbsp;&nbsp;&nbsp; &nbsp;&nbsp;<a href=\"https:\/\/scoalacajvana.ro\/wp-content\/uploads\/2025\/09\/pl.sc.postlic.2023-2024.pdf\" target=\"_blank\" rel=\"noreferrer noopener\">\u00cenv\u0103\u021b\u0103m\u00e2nt posliceal<\/a><\/p>\n\n\n\n<p><a href=\"https:\/\/scoalacajvana.ro\/wp-content\/uploads\/2025\/09\/Metodologie_mobilitate-_personal_didactic-2023-2024.pdf\" target=\"_blank\" rel=\"noreferrer noopener\">Metodologiei-cadru privind mobilitatea personal\u0103 didactic\u0103 de predare din \u00eenv\u0103\u021b\u0103m\u00e2ntul preuniversitar \u00een anul \u0219colar 2023\u20142024<br><\/a><\/p>\n\n\n\n<p><a href=\"https:\/\/scoalacajvana.ro\/wp-content\/uploads\/2025\/09\/anunt-post-concurs-ingrijitor.pdf\" target=\"_blank\" rel=\"noreferrer noopener\">&nbsp;Anun\u021b concurs post vacant \u00eengrijitor<\/a><\/p>\n\n\n\n<p><\/p>\n","protected":false},"excerpt":{"rendered":"<p>&nbsp; &nbsp; &nbsp; &nbsp;&nbsp;Rezultate Sesiunea de Referate Istorie 17.05.2025 &nbsp;&nbsp;&nbsp;&nbsp;&nbsp;&nbsp;&nbsp;&nbsp;Anunt concurs pentru post contractual conform HG 1336\/2022 &nbsp;&nbsp;&nbsp;&nbsp;&nbsp;&nbsp;&nbsp;&nbsp;GRAFIC DE DESF\u0102\u0218URARE AL CONCURSULUI PENTRU OCUPAREA POSTURILOR \/ CATEDRELOR VACANTE DE LA LICEUL TEHNOLOGIC \u201eSTEFAN CEL MARE\u201d CAJVANA &nbsp;&nbsp;&nbsp;&nbsp;&nbsp;&nbsp;&nbsp;&nbsp;Nota examen corigen\u021be an \u0219colar 2023-2024 &nbsp;&nbsp;&nbsp;&nbsp;&nbsp;&nbsp;&nbsp;&nbsp;Ordin-admitere-liceu-2024-plus-anexe &nbsp;&nbsp;&nbsp;&nbsp;&nbsp;&nbsp;&nbsp;&nbsp;Plan de \u0219colarizare 2024-2025 &nbsp;&nbsp;&nbsp;&nbsp;&nbsp;&nbsp;&nbsp;&nbsp;Tabel nominal cuprinz\u00e2nd programarea candidatilor care sus\u021bin inspec\u021biile [&hellip;]<\/p>\n","protected":false},"author":1,"featured_media":0,"parent":0,"menu_order":0,"comment_status":"closed","ping_status":"closed","template":"","meta":{"footnotes":""},"class_list":["post-55","page","type-page","status-publish","hentry"],"_links":{"self":[{"href":"https:\/\/scoalacajvana.ro\/index.php?rest_route=\/wp\/v2\/pages\/55","targetHints":{"allow":["GET"]}}],"collection":[{"href":"https:\/\/scoalacajvana.ro\/index.php?rest_route=\/wp\/v2\/pages"}],"about":[{"href":"https:\/\/scoalacajvana.ro\/index.php?rest_route=\/wp\/v2\/types\/page"}],"author":[{"embeddable":true,"href":"https:\/\/scoalacajvana.ro\/index.php?rest_route=\/wp\/v2\/users\/1"}],"replies":[{"embeddable":true,"href":"https:\/\/scoalacajvana.ro\/index.php?rest_route=%2Fwp%2Fv2%2Fcomments&post=55"}],"version-history":[{"count":3,"href":"https:\/\/scoalacajvana.ro\/index.php?rest_route=\/wp\/v2\/pages\/55\/revisions"}],"predecessor-version":[{"id":68,"href":"https:\/\/scoalacajvana.ro\/index.php?rest_route=\/wp\/v2\/pages\/55\/revisions\/68"}],"wp:attachment":[{"href":"https:\/\/scoalacajvana.ro\/index.php?rest_route=%2Fwp%2Fv2%2Fmedia&parent=55"}],"curies":[{"name":"wp","href":"https:\/\/api.w.org\/{rel}","templated":true}]}}