{"id":30,"date":"2025-09-08T13:16:01","date_gmt":"2025-09-08T13:16:01","guid":{"rendered":"https:\/\/scoalacajvana.ro\/?page_id=30"},"modified":"2025-09-08T13:16:01","modified_gmt":"2025-09-08T13:16:01","slug":"scoala-altfel-2024-202510-14-02-2025","status":"publish","type":"page","link":"https:\/\/scoalacajvana.ro\/?page_id=30","title":{"rendered":"Scoala Altfel 2024-2025(10.14.02.2025)"},"content":{"rendered":"\n<p><a href=\"https:\/\/scoalacajvana.ro\/wp-content\/uploads\/2025\/09\/raport-saptamana-nonviolentei.pdf\" target=\"_blank\" rel=\"noreferrer noopener\">\u00a0\/\/Raport s\u0103pt\u0103m\u00e2na nonviolen\u021bei \u00een \u0219coli 27-31 ianuarie 2025\/\/<\/a><\/p>\n\n\n\n<p><a href=\"http:\/\/www.scoalacajvana.ro\/data\/documents\/primar_4.pdf\" target=\"_blank\" rel=\"noreferrer noopener\">\u00ce<\/a><a href=\"https:\/\/scoalacajvana.ro\/wp-content\/uploads\/2025\/09\/Scoala-Atlfel-primar_4.pdf\" target=\"_blank\" rel=\"noreferrer noopener\">NV\u0102\u021a\u0102M\u00c2NT PRIMAR<\/a><\/p>\n\n\n\n<p><a href=\"https:\/\/scoalacajvana.ro\/wp-content\/uploads\/2025\/09\/Scoala-Atlfel-gimnaziu_4.pdf\" target=\"_blank\" rel=\"noreferrer noopener\">\u00ceNV\u0102\u021a\u0102M\u00c2NT GIMNAZIAL<\/a><\/p>\n\n\n\n<p><a href=\"https:\/\/scoalacajvana.ro\/wp-content\/uploads\/2025\/09\/Scoala-Atlfel-liceu_3.pdf\" target=\"_blank\" rel=\"noreferrer noopener\">\u00ceNV\u0102\u021a\u0102M\u00c2NT LICEAL<\/a><\/p>\n\n\n\n<p><a href=\"https:\/\/scoalacajvana.ro\/wp-content\/uploads\/2025\/09\/raport-scoala-altfel.pdf\" target=\"_blank\" rel=\"noreferrer noopener\">Raport activitate <em>\u0218coala Altfel<\/em><\/a><\/p>\n","protected":false},"excerpt":{"rendered":"<p>\u00a0\/\/Raport s\u0103pt\u0103m\u00e2na nonviolen\u021bei \u00een \u0219coli 27-31 ianuarie 2025\/\/ \u00ceNV\u0102\u021a\u0102M\u00c2NT PRIMAR \u00ceNV\u0102\u021a\u0102M\u00c2NT GIMNAZIAL \u00ceNV\u0102\u021a\u0102M\u00c2NT LICEAL Raport activitate \u0218coala Altfel<\/p>\n","protected":false},"author":1,"featured_media":0,"parent":0,"menu_order":0,"comment_status":"closed","ping_status":"closed","template":"","meta":{"footnotes":""},"class_list":["post-30","page","type-page","status-publish","hentry"],"_links":{"self":[{"href":"https:\/\/scoalacajvana.ro\/index.php?rest_route=\/wp\/v2\/pages\/30","targetHints":{"allow":["GET"]}}],"collection":[{"href":"https:\/\/scoalacajvana.ro\/index.php?rest_route=\/wp\/v2\/pages"}],"about":[{"href":"https:\/\/scoalacajvana.ro\/index.php?rest_route=\/wp\/v2\/types\/page"}],"author":[{"embeddable":true,"href":"https:\/\/scoalacajvana.ro\/index.php?rest_route=\/wp\/v2\/users\/1"}],"replies":[{"embeddable":true,"href":"https:\/\/scoalacajvana.ro\/index.php?rest_route=%2Fwp%2Fv2%2Fcomments&post=30"}],"version-history":[{"count":1,"href":"https:\/\/scoalacajvana.ro\/index.php?rest_route=\/wp\/v2\/pages\/30\/revisions"}],"predecessor-version":[{"id":36,"href":"https:\/\/scoalacajvana.ro\/index.php?rest_route=\/wp\/v2\/pages\/30\/revisions\/36"}],"wp:attachment":[{"href":"https:\/\/scoalacajvana.ro\/index.php?rest_route=%2Fwp%2Fv2%2Fmedia&parent=30"}],"curies":[{"name":"wp","href":"https:\/\/api.w.org\/{rel}","templated":true}]}}