{"id":15,"date":"2025-09-08T13:08:11","date_gmt":"2025-09-08T13:08:11","guid":{"rendered":"https:\/\/scoalacajvana.ro\/?page_id=15"},"modified":"2025-09-08T13:08:11","modified_gmt":"2025-09-08T13:08:11","slug":"simpozion-armonie-2023","status":"publish","type":"page","link":"https:\/\/scoalacajvana.ro\/?page_id=15","title":{"rendered":"Simpozion Armonie 2023"},"content":{"rendered":"\n<p>SIMPOZION INTERNA\u021aIONAL<\/p>\n\n\n\n<p>\u201eArmonie prin joc \u0219i c\u00e2nt, port \u0219i cuv\u00e2nt\u201d<\/p>\n\n\n\n<p>Edi\u021bia a XIII-a<\/p>\n\n\n\n<p>10 mai 2025<\/p>\n\n\n\n<p>Nume proiect: \u201eArmonie prin joc \u0219i c\u00e2nt, port \u0219i cuv\u00e2nt\u201d<\/p>\n\n\n\n<p>Organizatori: Liceul Tehnologic \u201e\u0218tefan cel Mare\u201d Cajvana,&nbsp;Gr\u0103dini\u021ba cu Program Normal \u201eStej\u0103relul\u201d Cajvana<\/p>\n\n\n\n<p>Condi\u021bii de participare: direct\u0103\/indirect\u0103<\/p>\n\n\n\n<p>Perioad\u0103 de \u00eenscriere: 28 aprilie &#8211; 8 mai 2025(<a href=\"https:\/\/scoalacajvana.ro\/wp-content\/uploads\/2025\/09\/0_formular_de_inscriere_Armonie_2025.pdf\" target=\"_blank\" rel=\"noreferrer noopener\">FORMULAR INSCRIERE<\/a>)<\/p>\n\n\n\n<p>Perioad\u0103 de desf\u0103\u0219urare: 10.05.2025<\/p>\n\n\n\n<p>Tema:&nbsp;<strong><em>\u201eFamilia mileniului III -Tradi\u021bii, provoc\u0103ri \u0219i perspective\u201d<\/em><\/strong><\/p>\n\n\n\n<p>Scopul: Respectarea valorilor familiei \u0219i a rolului acesteia \u00een dezvoltarea social\u0103 a membrilor ei, reper de stabilitate pentru societate \u0219i baz\u0103 pentru educarea elevilor al\u0103turi de \u0219coal\u0103.<\/p>\n\n\n\n<p>Obiective:<\/p>\n\n\n\n<ul class=\"wp-block-list\">\n<li>Manifestarea admira\u021biei fa\u021b\u0103 de familia(tradi\u021bional\u0103 \u0219i modern\u0103), fa\u021b\u0103 de valorile ei, prin cultivarea sentimentului de m\u00e2ndrie, pre\u021buire \u0219i respect;<\/li>\n\n\n\n<li>Promovarea comportamentelor moral-civice din via\u021ba de familie prin modele de rela\u021bionare;<\/li>\n\n\n\n<li>Consolidarea colabor\u0103rii \u00eentre \u0219coal\u0103-familie-comunitate ca parteneri \u00een educa\u021bia copiilor;<\/li>\n\n\n\n<li>Implicarea activ\u0103, responsabil\u0103, creativ\u0103 \u00een via\u021ba social\u0103 a familiei, comunita\u021bii \u0219i \u0219colii;<\/li>\n<\/ul>\n\n\n\n<p>Sec\u021biunile simpozionului:<\/p>\n\n\n\n<p><em>Sec\u021biunea I:&nbsp;<\/em>participare direct\u0103\/indirect\u0103<\/p>\n\n\n\n<ul class=\"wp-block-list\">\n<li>\u00d8&nbsp;<em>Pentru cadrele didactice<\/em><\/li>\n<\/ul>\n\n\n\n<p><strong><em>Familia \u00eentre tradi\u021bie \u0219i modernism(<\/em><\/strong><strong>referate, eseuri, proiecte educa\u021bionale, proiecte didactice,<em>&nbsp;activit\u0103\u021bi extra\u0219colare, parteneriate, Ppt-uri), lucr\u0103ri artistico-plastice, literare.<\/em><\/strong><\/p>\n\n\n\n<p><em>Sec\u021biunea II:<\/em>&nbsp;participare direct\u0103\/indirect\u0103<\/p>\n\n\n\n<p>\u00d8&nbsp;Pentru elevi:<\/p>\n\n\n\n<p><strong><em>Familia \u00een culori \u0219i cuvinte.<\/em><\/strong><\/p>\n\n\n\n<p>Lucr\u0103ri artistico-plastice(colaje, desene, picturi, machete);<\/p>\n\n\n\n<p>Crea\u021bii literare;<\/p>\n\n\n\n<p>Colaboratori:<\/p>\n\n\n\n<ul class=\"wp-block-list\">\n<li><strong>Consiliul Jude\u021bean Suceava<\/strong><\/li>\n\n\n\n<li><strong>Inspectoratul \u0218colar Jude\u021bean Suceava<\/strong><\/li>\n\n\n\n<li><strong>USV Suceava<\/strong><\/li>\n\n\n\n<li><strong>Casa Corpului Didactic \u201eGeorge Tofan\u201d Suceava<\/strong><\/li>\n\n\n\n<li><strong>Prim\u0103ria Ora\u0219ului Cajvana<\/strong><\/li>\n\n\n\n<li><strong>Parohia \u201eSf. Mihail \u0219i Gavril\u201d Cajvana<\/strong><\/li>\n\n\n\n<li><strong>Parohia \u201eNa\u0219terea Maicii Domnului\u201d Cajvana<\/strong><\/li>\n\n\n\n<li><strong>Liceul Teoretic \u201ePan Halipa\u201d Edine\u021b&nbsp;<\/strong><\/li>\n\n\n\n<li><strong>Liceul &#8220;Alexandru Ilschi&#8221; Crasna<\/strong><\/li>\n<\/ul>\n\n\n\n<p>Preciz\u0103ri \u0219i condi\u021bii de participare:<\/p>\n\n\n\n<p>\u2022 \u00censcrierea participan\u021bilor se va face p\u00e2n\u0103 pe data de<strong>&nbsp;8 mai 2025 &nbsp;(data po\u0219tei)<\/strong>, prin e-mail la adresa&nbsp;<strong>simpozionarmonie@scoalacajvana.ro<\/strong>, pe baza lucr\u0103rii \u00een format electronic \u0219i a copiei scanate dup\u0103 chitan\u021ba prin care a fost achitat\u0103 taxa de participare.<\/p>\n\n\n\n<p>\u2022 Formularul de \u00eenscriere, copia chitan\u0163ei de achitare a taxei de participare \u0219i lucrarea propriu-zis\u0103 &nbsp;se vor trimite simultan, dar ca documente separate;<\/p>\n\n\n\n<p>\u2022 \u00cen situa\u021bia existen\u021bei a doi sau mai mul\u021bi autori ai unei lucr\u0103ri, vor fi completate at\u00e2tea formulare de &nbsp;\u00eenscriere, c\u00e2\u021bi autori sunt \u0219i vor fi achitate tot at\u00e2tea taxe de participare;<\/p>\n\n\n\n<p>\u2022 Taxa de participare si&nbsp; lucr\u0103rile copiilor (maxim 3) vor fi trimise prin po\u0219ta,&nbsp;<strong>\u00ceMPREUN\u0102 CU UN PLIC AUTOADRESAT SI TIMBRAT \u2013 CONDI\u021aIE OBLIGATORIE (ASTFEL NU R\u0102SPUNDEM PENTRU PRIMIREA MAPEI SIMPOZIONULUI) la adresa: FULOP CARMEN, LOC. CAJVANA, JUD. SUCEAVA, STR. PRINCIPAL\u0102, NR. 525D,COD. 727100<\/strong>. Pe spatele lucr\u0103rii vor fi trecute: numele \u015fi prenumele copilului, v\u00e2rsta, \u0219coala de unde provine \u0219i numele cadrului didactic \u00eendrum\u0103tor<\/p>\n\n\n\n<p>\u2022 Participan\u021bii \u00eenscri\u0219i \u00een termenul prev\u0103zut vor fi cuprin\u0219i \u00een programul simpozionului;<\/p>\n\n\n\n<p>\u2022 Pentru prezentarea &nbsp;la simpozion, participan\u021bii vor avea asupra lor un exemplar al lucr\u0103rii sau dup\u0103 caz, o prezentare POWER POINT, CLIP MEDIA etc. ;<\/p>\n\n\n\n<p>Lucr\u0103rile vor fi redactate respect\u00e2ndu-se urm\u0103toarele repere:<\/p>\n\n\n\n<p>\u2022 Lucr\u0103rile vor fi redactate \u00een Microsoft Office WORD (nu in alte editoare de text gen Open Office, LibreOffice), cu font de 12, Times New Roman, spa\u021biere \u00eentre r\u00e2nduri de 1,5 cm, format A4 cu margini de 2,5 cm, maximum 4 pagini.&nbsp;<\/p>\n\n\n\n<p>\u2022 Vor fi acceptate lucr\u0103ri \u00een limba rom\u00e2n\u0103. Se vor respecta regulile de ortografie din limba de redactare (lucr\u0103rile care nu vor fi redactate cu diacritice vor fi descalificate).<\/p>\n\n\n\n<p>Feed-back-ul simpozionului va fi &nbsp;realizat prin:<\/p>\n\n\n\n<p>&#8211; concluzii sintetizatoare asupra modului de alegere si prezentare a temelor &nbsp;pe sec\u021biuni;<\/p>\n\n\n\n<p>&#8211; mape care vor cuprinde:<\/p>\n\n\n\n<p>&#8211; programul simpozionului;<\/p>\n\n\n\n<p>&#8211; diploma de participare cu titlul lucr\u0103rii;<\/p>\n\n\n\n<p>&#8211; diplome cu premii (I,II,III) pentru elevi \u0219i pre\u0219colari;<\/p>\n\n\n\n<p>&#8211; adeverin\u021b\u0103 pentru cadrul didactic pentru preg\u0103tirea \u0219i coordonarea lucr\u0103rilor elevilor pentru concursul din cadrul simpozionului;<\/p>\n\n\n\n<p>&#8211; volumul de lucr\u0103ri publicat \u00een revista ,,Fream\u0103tul stejarului\u201d in format electronic-CD cu ISBN.<\/p>\n\n\n\n<p>\u2022 Taxa de participare va acoperi cheltuielile pentru:<\/p>\n\n\n\n<p>&#8211;&nbsp;&nbsp;&nbsp;&nbsp;&nbsp;&nbsp; alc\u0103tuirea mapelor simpozionului;<\/p>\n\n\n\n<p>&#8211;&nbsp;&nbsp;&nbsp;&nbsp;&nbsp;&nbsp; editarea programelor;<\/p>\n\n\n\n<p>&#8211;&nbsp;&nbsp;&nbsp;&nbsp;&nbsp;&nbsp; realizarea diplomelor de participare pentru cadrele didactice;<\/p>\n\n\n\n<p>&#8211;&nbsp;&nbsp;&nbsp;&nbsp;&nbsp;&nbsp; realizarea diplomelor de participare pentru elevi, pentru \u0219colari;<\/p>\n\n\n\n<p>&#8211;&nbsp;&nbsp;&nbsp;&nbsp;&nbsp;&nbsp; protocolul de organizare \u0219i desf\u0103\u0219urare;<\/p>\n\n\n\n<p>&#8211;&nbsp;&nbsp;&nbsp;&nbsp;&nbsp;&nbsp; adeverin\u021bele pentru cadrele didactice;<\/p>\n\n\n\n<p>&#8211;&nbsp;&nbsp;&nbsp;&nbsp;&nbsp;&nbsp; editarea volumului de &nbsp;lucr\u0103ri \u00een format electronic, etc.<\/p>\n\n\n\n<p><strong>Taxa de participare va fi \u00een cuantum de 100 RON \/ persoan\u0103 \u0219i va fi perceput\u0103 fiec\u0103rui autor \/ coautor.<\/strong><\/p>\n\n\n\n<p><strong>Aceasta va fi achitat\u0103 prin mandat po\u0219tal, la adresa: : FULOP CARMEN, LOC. CAJVANA, JUD. SUCEAVA, STR. PRINCIPAL\u0102, NR. 525D,COD. 727100<\/strong>.<\/p>\n\n\n\n<p>Pentru lucr\u0103rile copiilor nu se percepe tax\u0103.<\/p>\n\n\n\n<p>Informa\u021bi suplimentare la urm\u0103toarele persoane de contact:<\/p>\n\n\n\n<ul class=\"wp-block-list\">\n<li><strong>&nbsp;Pentru \u00eenv\u0103\u021b\u0103m\u00e2ntul pre\u0219colar: Prof. ed. timpurie UNGUREAN LILIANA 0751153482,&nbsp;FULOP CARMEN 0748357816;<\/strong><\/li>\n\n\n\n<li><strong>&nbsp;Pentru \u00eenv\u0103\u021b\u0103m\u00e2ntul primar: &nbsp;Prof. TOMU\u0162 CRISTINA 0748316367<\/strong><\/li>\n\n\n\n<li><strong>&nbsp;Pentru \u00eenv\u0103\u021b\u0103m\u00e2ntul gimnazial: Prof. CR\u0102CIUN P\u00ce\u0162U CRISTINA 0749878153<\/strong><\/li>\n\n\n\n<li><strong>&nbsp;Pentru \u00eenv\u0103\u021b\u0103m\u00e2ntul liceal: Prof. URECHE CASANDRA 0746468721<\/strong><\/li>\n<\/ul>\n\n\n\n<p><\/p>\n","protected":false},"excerpt":{"rendered":"<p>SIMPOZION INTERNA\u021aIONAL \u201eArmonie prin joc \u0219i c\u00e2nt, port \u0219i cuv\u00e2nt\u201d Edi\u021bia a XIII-a 10 mai 2025 Nume proiect: \u201eArmonie prin joc \u0219i c\u00e2nt, port \u0219i cuv\u00e2nt\u201d Organizatori: Liceul Tehnologic \u201e\u0218tefan cel Mare\u201d Cajvana,&nbsp;Gr\u0103dini\u021ba cu Program Normal \u201eStej\u0103relul\u201d Cajvana Condi\u021bii de participare: direct\u0103\/indirect\u0103 Perioad\u0103 de \u00eenscriere: 28 aprilie &#8211; 8 mai 2025(FORMULAR INSCRIERE) Perioad\u0103 de desf\u0103\u0219urare: [&hellip;]<\/p>\n","protected":false},"author":1,"featured_media":0,"parent":0,"menu_order":0,"comment_status":"closed","ping_status":"closed","template":"","meta":{"footnotes":""},"class_list":["post-15","page","type-page","status-publish","hentry"],"_links":{"self":[{"href":"https:\/\/scoalacajvana.ro\/index.php?rest_route=\/wp\/v2\/pages\/15","targetHints":{"allow":["GET"]}}],"collection":[{"href":"https:\/\/scoalacajvana.ro\/index.php?rest_route=\/wp\/v2\/pages"}],"about":[{"href":"https:\/\/scoalacajvana.ro\/index.php?rest_route=\/wp\/v2\/types\/page"}],"author":[{"embeddable":true,"href":"https:\/\/scoalacajvana.ro\/index.php?rest_route=\/wp\/v2\/users\/1"}],"replies":[{"embeddable":true,"href":"https:\/\/scoalacajvana.ro\/index.php?rest_route=%2Fwp%2Fv2%2Fcomments&post=15"}],"version-history":[{"count":1,"href":"https:\/\/scoalacajvana.ro\/index.php?rest_route=\/wp\/v2\/pages\/15\/revisions"}],"predecessor-version":[{"id":29,"href":"https:\/\/scoalacajvana.ro\/index.php?rest_route=\/wp\/v2\/pages\/15\/revisions\/29"}],"wp:attachment":[{"href":"https:\/\/scoalacajvana.ro\/index.php?rest_route=%2Fwp%2Fv2%2Fmedia&parent=15"}],"curies":[{"name":"wp","href":"https:\/\/api.w.org\/{rel}","templated":true}]}}