{"id":116,"date":"2025-09-09T16:30:02","date_gmt":"2025-09-09T16:30:02","guid":{"rendered":"https:\/\/scoalacajvana.ro\/?page_id=116"},"modified":"2025-09-09T16:30:02","modified_gmt":"2025-09-09T16:30:02","slug":"scoala-postliceala","status":"publish","type":"page","link":"https:\/\/scoalacajvana.ro\/?page_id=116","title":{"rendered":"Scoala postliceala"},"content":{"rendered":"\n<p>Au dreptul s\u0103 se \u00eenscrie la nivelul de \u00eenv\u0103\u0163\u0103m\u00e2nt postliceal, absolven\u0163ii de liceu, cu sau f\u0103r\u0103 diplom\u0103 de bacalaureat.\u00censcrierea candida\u0163ilor pentru admiterea \u00een \u00eenv\u0103\u0163\u0103m\u00e2ntul postliceal se face conform Calendarului de admitere.<\/p>\n\n\n\n<p>&nbsp;&nbsp;&nbsp;&nbsp;&nbsp;&nbsp;&nbsp;&nbsp;&nbsp;&nbsp;&nbsp;&nbsp;\u00censcrierea candida\u0163ilor se face la secretariatul Liceului Tehnologic Cajvana, \u00een perioada&nbsp;<strong>18 august &#8211; 8 septembrie, \u00eentre orele 8.30 &#8211; 15.30,<\/strong> pe baza urm\u0103toarelor documente:<\/p>\n\n\n\n<ol class=\"wp-block-list\">\n<li>Copie legalizat\u0103 dup\u0103 Diploma de Bacalaureat sau Certificatul de Absolvire a liceului;<\/li>\n\n\n\n<li>Copie legalizat\u0103 dup\u0103 Foaia matricol\u0103 (IX-XII \/ XIII);<\/li>\n\n\n\n<li>Copie dup\u0103 adeverin\u0163a de Absolvire a liceului (sau a examenului de Bacalaureat) pentru absolven\u0163ii promo\u0163iei 2014;<\/li>\n\n\n\n<li>Copie dup\u0103 buletin sau carte de identitate;<\/li>\n\n\n\n<li>Copie &#8211; conform cu originalul &#8211; dup\u0103 certificatul de na\u015ftere;<\/li>\n\n\n\n<li>Copie &#8211; conform cu originalul &#8211; dup\u0103 certificatul de c\u0103s\u0103torie pentru persoane de sex feminin (dac\u0103 este cazul);<\/li>\n\n\n\n<li>Adeverin\u0163\u0103 medical\u0103 din care s\u0103 reias\u0103 c\u0103 este apt pentru \u015fcolarizare \u015fi profesie;<\/li>\n\n\n\n<li>Cerere de \u00eenscriere &#8211; se completeaz\u0103 la depunerea dosarului;<\/li>\n\n\n\n<li>Dosar PVC.<\/li>\n<\/ol>\n","protected":false},"excerpt":{"rendered":"<p>Au dreptul s\u0103 se \u00eenscrie la nivelul de \u00eenv\u0103\u0163\u0103m\u00e2nt postliceal, absolven\u0163ii de liceu, cu sau f\u0103r\u0103 diplom\u0103 de bacalaureat.\u00censcrierea candida\u0163ilor pentru admiterea \u00een \u00eenv\u0103\u0163\u0103m\u00e2ntul postliceal se face conform Calendarului de admitere. &nbsp;&nbsp;&nbsp;&nbsp;&nbsp;&nbsp;&nbsp;&nbsp;&nbsp;&nbsp;&nbsp;&nbsp;\u00censcrierea candida\u0163ilor se face la secretariatul Liceului Tehnologic Cajvana, \u00een perioada&nbsp;18 august &#8211; 8 septembrie, \u00eentre orele 8.30 &#8211; 15.30, pe baza urm\u0103toarelor documente:<\/p>\n","protected":false},"author":1,"featured_media":0,"parent":0,"menu_order":0,"comment_status":"closed","ping_status":"closed","template":"","meta":{"footnotes":""},"class_list":["post-116","page","type-page","status-publish","hentry"],"_links":{"self":[{"href":"https:\/\/scoalacajvana.ro\/index.php?rest_route=\/wp\/v2\/pages\/116","targetHints":{"allow":["GET"]}}],"collection":[{"href":"https:\/\/scoalacajvana.ro\/index.php?rest_route=\/wp\/v2\/pages"}],"about":[{"href":"https:\/\/scoalacajvana.ro\/index.php?rest_route=\/wp\/v2\/types\/page"}],"author":[{"embeddable":true,"href":"https:\/\/scoalacajvana.ro\/index.php?rest_route=\/wp\/v2\/users\/1"}],"replies":[{"embeddable":true,"href":"https:\/\/scoalacajvana.ro\/index.php?rest_route=%2Fwp%2Fv2%2Fcomments&post=116"}],"version-history":[{"count":1,"href":"https:\/\/scoalacajvana.ro\/index.php?rest_route=\/wp\/v2\/pages\/116\/revisions"}],"predecessor-version":[{"id":117,"href":"https:\/\/scoalacajvana.ro\/index.php?rest_route=\/wp\/v2\/pages\/116\/revisions\/117"}],"wp:attachment":[{"href":"https:\/\/scoalacajvana.ro\/index.php?rest_route=%2Fwp%2Fv2%2Fmedia&parent=116"}],"curies":[{"name":"wp","href":"https:\/\/api.w.org\/{rel}","templated":true}]}}